{"id":1870,"date":"2025-09-25T15:05:28","date_gmt":"2025-09-25T18:05:28","guid":{"rendered":"https:\/\/relvaplac.com.br\/?page_id=1870"},"modified":"2026-03-30T15:07:19","modified_gmt":"2026-03-30T18:07:19","slug":"transparencia-salarial","status":"publish","type":"page","link":"https:\/\/relvaplac.com.br\/en\/transparencia-salarial\/","title":{"rendered":"Transpar\u00eancia Salarial"},"content":{"rendered":"<div data-elementor-type=\"wp-page\" data-elementor-id=\"1870\" class=\"elementor elementor-1870\" data-elementor-post-type=\"page\">\n\t\t\t\t<div class=\"elementor-element elementor-element-369391c e-flex e-con-boxed e-con e-parent\" data-id=\"369391c\" data-element_type=\"container\">\n\t\t\t\t\t<div class=\"e-con-inner\">\n\t\t\t\t<div class=\"elementor-element elementor-element-93ee9ff elementor-widget elementor-widget-heading\" data-id=\"93ee9ff\" data-element_type=\"widget\" data-widget_type=\"heading.default\">\n\t\t\t\t<div class=\"elementor-widget-container\">\n\t\t\t<style>\/*! elementor - v3.21.0 - 18-04-2024 *\/\n.elementor-heading-title{padding:0;margin:0;line-height:1}.elementor-widget-heading .elementor-heading-title[class*=elementor-size-]>a{color:inherit;font-size:inherit;line-height:inherit}.elementor-widget-heading .elementor-heading-title.elementor-size-small{font-size:15px}.elementor-widget-heading .elementor-heading-title.elementor-size-medium{font-size:19px}.elementor-widget-heading .elementor-heading-title.elementor-size-large{font-size:29px}.elementor-widget-heading .elementor-heading-title.elementor-size-xl{font-size:39px}.elementor-widget-heading .elementor-heading-title.elementor-size-xxl{font-size:59px}<\/style><h2 class=\"elementor-heading-title elementor-size-default\">Transpar\u00eancia salarial<\/h2>\t\t<\/div>\n\t\t\t\t<\/div>\n\t\t\t\t\t<\/div>\n\t\t\t\t<\/div>\n\t\t<div class=\"elementor-element elementor-element-e12ad8a e-flex e-con-boxed e-con e-parent\" data-id=\"e12ad8a\" data-element_type=\"container\">\n\t\t\t\t\t<div class=\"e-con-inner\">\n\t\t<a class=\"elementor-element elementor-element-f8f72c5 e-con-full e-flex e-con e-child\" data-id=\"f8f72c5\" data-element_type=\"container\" href=\"https:\/\/relvaplac.com.br\/en\/relatorio-de-transparencia\/\" target=\"_blank\">\n\t\t\t\t<div class=\"elementor-element elementor-element-356745d elementor-widget elementor-widget-heading\" data-id=\"356745d\" data-element_type=\"widget\" data-widget_type=\"heading.default\">\n\t\t\t\t<div class=\"elementor-widget-container\">\n\t\t\t<h2 class=\"elementor-heading-title elementor-size-default\">2024 - Relat\u00f3rio de Transpar\u00eancia 1\u00ba Semestre<\/h2>\t\t<\/div>\n\t\t\t\t<\/div>\n\t\t\t\t<\/a>\n\t\t<a class=\"elementor-element elementor-element-3ff8ca4 e-con-full e-flex e-con e-child\" data-id=\"3ff8ca4\" data-element_type=\"container\" href=\"http:\/\/relvaplac.com.br\/wp-content\/uploads\/2024\/09\/RELATORIO-DE-IGUALDAE-2o-SEMESTRE.pdf\" target=\"_blank\">\n\t\t\t\t<div class=\"elementor-element elementor-element-0f4bb01 elementor-widget elementor-widget-heading\" data-id=\"0f4bb01\" data-element_type=\"widget\" data-widget_type=\"heading.default\">\n\t\t\t\t<div class=\"elementor-widget-container\">\n\t\t\t<h2 class=\"elementor-heading-title elementor-size-default\">2024 - Relat\u00f3rio de Transpar\u00eancia 2\u00ba Semestre<\/h2>\t\t<\/div>\n\t\t\t\t<\/div>\n\t\t\t\t<\/a>\n\t\t\t\t\t<\/div>\n\t\t\t\t<\/div>\n\t\t<div class=\"elementor-element elementor-element-28c13a6 e-flex e-con-boxed e-con e-parent\" data-id=\"28c13a6\" data-element_type=\"container\">\n\t\t\t\t\t<div class=\"e-con-inner\">\n\t\t<a class=\"elementor-element elementor-element-42ec4d2 e-con-full e-flex e-con e-child\" data-id=\"42ec4d2\" data-element_type=\"container\" href=\"http:\/\/relvaplac.com.br\/wp-content\/uploads\/2025\/03\/rel-igualdade-00060274000176-2025-1.pdf\" target=\"_blank\">\n\t\t\t\t<div class=\"elementor-element elementor-element-73f8603 elementor-widget elementor-widget-heading\" data-id=\"73f8603\" data-element_type=\"widget\" data-widget_type=\"heading.default\">\n\t\t\t\t<div class=\"elementor-widget-container\">\n\t\t\t<h2 class=\"elementor-heading-title elementor-size-default\">2025 - Relat\u00f3rio de Transpar\u00eancia 1\u00ba Semestre<\/h2>\t\t<\/div>\n\t\t\t\t<\/div>\n\t\t\t\t<\/a>\n\t\t<a class=\"elementor-element elementor-element-20ee5a2 e-con-full e-flex e-con e-child\" data-id=\"20ee5a2\" data-element_type=\"container\" href=\"http:\/\/relvaplac.com.br\/wp-content\/uploads\/2025\/09\/RelatorioIgualdadeSalarialLote_2025_2_60274000176.pdf\" target=\"_blank\">\n\t\t\t\t<div class=\"elementor-element elementor-element-bba1f1d elementor-widget elementor-widget-heading\" data-id=\"bba1f1d\" data-element_type=\"widget\" data-widget_type=\"heading.default\">\n\t\t\t\t<div class=\"elementor-widget-container\">\n\t\t\t<h2 class=\"elementor-heading-title elementor-size-default\">2025 - Relat\u00f3rio de Transpar\u00eancia 2\u00ba Semestre<\/h2>\t\t<\/div>\n\t\t\t\t<\/div>\n\t\t\t\t<\/a>\n\t\t\t\t\t<\/div>\n\t\t\t\t<\/div>\n\t\t<div class=\"elementor-element elementor-element-42ea5fc e-flex e-con-boxed e-con e-parent\" data-id=\"42ea5fc\" data-element_type=\"container\">\n\t\t\t\t\t<div class=\"e-con-inner\">\n\t\t<a class=\"elementor-element elementor-element-91c845f e-con-full e-flex e-con e-child\" data-id=\"91c845f\" data-element_type=\"container\" href=\"http:\/\/relvaplac.com.br\/wp-content\/uploads\/2026\/03\/RelatorioIgualdadeSalarialLote_2026_1_60274000176-2.pdf\" target=\"_blank\">\n\t\t\t\t<div class=\"elementor-element elementor-element-13f1728 elementor-widget elementor-widget-heading\" data-id=\"13f1728\" data-element_type=\"widget\" data-widget_type=\"heading.default\">\n\t\t\t\t<div class=\"elementor-widget-container\">\n\t\t\t<h2 class=\"elementor-heading-title elementor-size-default\">2026 - Relat\u00f3rio de Transpar\u00eancia 1\u00ba Semestre<\/h2>\t\t<\/div>\n\t\t\t\t<\/div>\n\t\t\t\t<\/a>\n\t\t<a class=\"elementor-element elementor-element-bd4859d e-con-full e-flex e-con e-child\" data-id=\"bd4859d\" data-element_type=\"container\">\n\t\t\t\t<\/a>\n\t\t\t\t\t<\/div>\n\t\t\t\t<\/div>\n\t\t\t\t<\/div>","protected":false},"excerpt":{"rendered":"<p>Transpar\u00eancia salarial 2024 &#8211; Relat\u00f3rio de Transpar\u00eancia 1\u00ba Semestre 2024 &#8211; Relat\u00f3rio de Transpar\u00eancia 2\u00ba Semestre 2025 &#8211; Relat\u00f3rio de Transpar\u00eancia 1\u00ba Semestre 2025 &#8211; Relat\u00f3rio de Transpar\u00eancia 2\u00ba Semestre 2026 &#8211; Relat\u00f3rio de Transpar\u00eancia 1\u00ba Semestre<\/p>","protected":false},"author":1,"featured_media":0,"parent":0,"menu_order":0,"comment_status":"closed","ping_status":"closed","template":"","meta":{"footnotes":""},"yoast_head":"<!-- This site is optimized with the Yoast SEO plugin v22.5 - https:\/\/yoast.com\/wordpress\/plugins\/seo\/ -->\n<title>Transpar\u00eancia Salarial - Relvaplac Compensados<\/title>\n<meta name=\"robots\" content=\"index, follow, max-snippet:-1, max-image-preview:large, max-video-preview:-1\" \/>\n<link rel=\"canonical\" href=\"https:\/\/relvaplac.com.br\/en\/transparencia-salarial\/\" \/>\n<meta property=\"og:locale\" content=\"en_US\" \/>\n<meta property=\"og:type\" content=\"article\" \/>\n<meta property=\"og:title\" content=\"Transpar\u00eancia Salarial - Relvaplac Compensados\" \/>\n<meta property=\"og:description\" content=\"Transpar\u00eancia salarial 2024 &#8211; Relat\u00f3rio de Transpar\u00eancia 1\u00ba Semestre 2024 &#8211; Relat\u00f3rio de Transpar\u00eancia 2\u00ba Semestre 2025 &#8211; Relat\u00f3rio de Transpar\u00eancia 1\u00ba Semestre 2025 &#8211; Relat\u00f3rio de Transpar\u00eancia 2\u00ba Semestre 2026 &#8211; Relat\u00f3rio de Transpar\u00eancia 1\u00ba Semestre\" \/>\n<meta property=\"og:url\" content=\"https:\/\/relvaplac.com.br\/en\/transparencia-salarial\/\" \/>\n<meta property=\"og:site_name\" content=\"Relvaplac Compensados\" \/>\n<meta property=\"article:modified_time\" content=\"2026-03-30T18:07:19+00:00\" \/>\n<meta name=\"twitter:card\" content=\"summary_large_image\" \/>\n<meta name=\"twitter:label1\" content=\"Est. reading time\" \/>\n\t<meta name=\"twitter:data1\" content=\"1 minute\" \/>\n<script type=\"application\/ld+json\" class=\"yoast-schema-graph\">{\"@context\":\"https:\/\/schema.org\",\"@graph\":[{\"@type\":\"WebPage\",\"@id\":\"https:\/\/relvaplac.com.br\/transparencia-salarial\/\",\"url\":\"https:\/\/relvaplac.com.br\/transparencia-salarial\/\",\"name\":\"Transpar\u00eancia Salarial - Relvaplac Compensados\",\"isPartOf\":{\"@id\":\"https:\/\/relvaplac.com.br\/#website\"},\"datePublished\":\"2025-09-25T18:05:28+00:00\",\"dateModified\":\"2026-03-30T18:07:19+00:00\",\"breadcrumb\":{\"@id\":\"https:\/\/relvaplac.com.br\/transparencia-salarial\/#breadcrumb\"},\"inLanguage\":\"en-US\",\"potentialAction\":[{\"@type\":\"ReadAction\",\"target\":[\"https:\/\/relvaplac.com.br\/transparencia-salarial\/\"]}]},{\"@type\":\"BreadcrumbList\",\"@id\":\"https:\/\/relvaplac.com.br\/transparencia-salarial\/#breadcrumb\",\"itemListElement\":[{\"@type\":\"ListItem\",\"position\":1,\"name\":\"In\u00edcio\",\"item\":\"https:\/\/relvaplac.com.br\/pt_br\/\"},{\"@type\":\"ListItem\",\"position\":2,\"name\":\"Transpar\u00eancia Salarial\"}]},{\"@type\":\"WebSite\",\"@id\":\"https:\/\/relvaplac.com.br\/#website\",\"url\":\"https:\/\/relvaplac.com.br\/\",\"name\":\"Relvaplac Compensados\",\"description\":\"Exportamos para todos os continentes\",\"potentialAction\":[{\"@type\":\"SearchAction\",\"target\":{\"@type\":\"EntryPoint\",\"urlTemplate\":\"https:\/\/relvaplac.com.br\/?s={search_term_string}\"},\"query-input\":\"required name=search_term_string\"}],\"inLanguage\":\"en-US\"}]}<\/script>\n<!-- \/ Yoast SEO plugin. -->","yoast_head_json":{"title":"Transpar\u00eancia Salarial - Relvaplac Compensados","robots":{"index":"index","follow":"follow","max-snippet":"max-snippet:-1","max-image-preview":"max-image-preview:large","max-video-preview":"max-video-preview:-1"},"canonical":"https:\/\/relvaplac.com.br\/en\/transparencia-salarial\/","og_locale":"en_US","og_type":"article","og_title":"Transpar\u00eancia Salarial - Relvaplac Compensados","og_description":"Transpar\u00eancia salarial 2024 &#8211; Relat\u00f3rio de Transpar\u00eancia 1\u00ba Semestre 2024 &#8211; Relat\u00f3rio de Transpar\u00eancia 2\u00ba Semestre 2025 &#8211; Relat\u00f3rio de Transpar\u00eancia 1\u00ba Semestre 2025 &#8211; Relat\u00f3rio de Transpar\u00eancia 2\u00ba Semestre 2026 &#8211; Relat\u00f3rio de Transpar\u00eancia 1\u00ba Semestre","og_url":"https:\/\/relvaplac.com.br\/en\/transparencia-salarial\/","og_site_name":"Relvaplac Compensados","article_modified_time":"2026-03-30T18:07:19+00:00","twitter_card":"summary_large_image","twitter_misc":{"Est. reading time":"1 minute"},"schema":{"@context":"https:\/\/schema.org","@graph":[{"@type":"WebPage","@id":"https:\/\/relvaplac.com.br\/transparencia-salarial\/","url":"https:\/\/relvaplac.com.br\/transparencia-salarial\/","name":"Transpar\u00eancia Salarial - Relvaplac Compensados","isPartOf":{"@id":"https:\/\/relvaplac.com.br\/#website"},"datePublished":"2025-09-25T18:05:28+00:00","dateModified":"2026-03-30T18:07:19+00:00","breadcrumb":{"@id":"https:\/\/relvaplac.com.br\/transparencia-salarial\/#breadcrumb"},"inLanguage":"en-US","potentialAction":[{"@type":"ReadAction","target":["https:\/\/relvaplac.com.br\/transparencia-salarial\/"]}]},{"@type":"BreadcrumbList","@id":"https:\/\/relvaplac.com.br\/transparencia-salarial\/#breadcrumb","itemListElement":[{"@type":"ListItem","position":1,"name":"In\u00edcio","item":"https:\/\/relvaplac.com.br\/pt_br\/"},{"@type":"ListItem","position":2,"name":"Transpar\u00eancia Salarial"}]},{"@type":"WebSite","@id":"https:\/\/relvaplac.com.br\/#website","url":"https:\/\/relvaplac.com.br\/","name":"Relvaplac Compensados","description":"Exportamos para todos os continentes","potentialAction":[{"@type":"SearchAction","target":{"@type":"EntryPoint","urlTemplate":"https:\/\/relvaplac.com.br\/?s={search_term_string}"},"query-input":"required name=search_term_string"}],"inLanguage":"en-US"}]}},"_links":{"self":[{"href":"https:\/\/relvaplac.com.br\/en\/wp-json\/wp\/v2\/pages\/1870"}],"collection":[{"href":"https:\/\/relvaplac.com.br\/en\/wp-json\/wp\/v2\/pages"}],"about":[{"href":"https:\/\/relvaplac.com.br\/en\/wp-json\/wp\/v2\/types\/page"}],"author":[{"embeddable":true,"href":"https:\/\/relvaplac.com.br\/en\/wp-json\/wp\/v2\/users\/1"}],"replies":[{"embeddable":true,"href":"https:\/\/relvaplac.com.br\/en\/wp-json\/wp\/v2\/comments?post=1870"}],"version-history":[{"count":130,"href":"https:\/\/relvaplac.com.br\/en\/wp-json\/wp\/v2\/pages\/1870\/revisions"}],"predecessor-version":[{"id":2041,"href":"https:\/\/relvaplac.com.br\/en\/wp-json\/wp\/v2\/pages\/1870\/revisions\/2041"}],"wp:attachment":[{"href":"https:\/\/relvaplac.com.br\/en\/wp-json\/wp\/v2\/media?parent=1870"}],"curies":[{"name":"wp","href":"https:\/\/api.w.org\/{rel}","templated":true}]}}