{"id":650,"date":"2021-07-28T15:36:30","date_gmt":"2021-07-28T18:36:30","guid":{"rendered":"https:\/\/relvaplac.com.br\/?page_id=650"},"modified":"2021-08-30T17:53:37","modified_gmt":"2021-08-30T20:53:37","slug":"blog","status":"publish","type":"page","link":"https:\/\/relvaplac.com.br\/pt_br\/blog\/","title":{"rendered":"Blog"},"content":{"rendered":"\t\t<div data-elementor-type=\"wp-page\" data-elementor-id=\"650\" class=\"elementor elementor-650\" data-elementor-post-type=\"page\">\n\t\t\t\t\t\t<section class=\"elementor-section elementor-top-section elementor-element elementor-element-d2ed47a elementor-section-boxed elementor-section-height-default elementor-section-height-default\" data-id=\"d2ed47a\" data-element_type=\"section\">\n\t\t\t\t\t\t<div class=\"elementor-container elementor-column-gap-default\">\n\t\t\t\t\t<div class=\"elementor-column elementor-col-100 elementor-top-column elementor-element elementor-element-6a30b67\" data-id=\"6a30b67\" data-element_type=\"column\">\n\t\t\t<div class=\"elementor-widget-wrap elementor-element-populated\">\n\t\t\t\t\t\t<div class=\"elementor-element elementor-element-20f1033 elementor-widget elementor-widget-heading\" data-id=\"20f1033\" data-element_type=\"widget\" data-widget_type=\"heading.default\">\n\t\t\t\t<div class=\"elementor-widget-container\">\n\t\t\t<style>\/*! elementor - v3.21.0 - 18-04-2024 *\/\n.elementor-heading-title{padding:0;margin:0;line-height:1}.elementor-widget-heading .elementor-heading-title[class*=elementor-size-]>a{color:inherit;font-size:inherit;line-height:inherit}.elementor-widget-heading .elementor-heading-title.elementor-size-small{font-size:15px}.elementor-widget-heading .elementor-heading-title.elementor-size-medium{font-size:19px}.elementor-widget-heading .elementor-heading-title.elementor-size-large{font-size:29px}.elementor-widget-heading .elementor-heading-title.elementor-size-xl{font-size:39px}.elementor-widget-heading .elementor-heading-title.elementor-size-xxl{font-size:59px}<\/style><h2 class=\"elementor-heading-title elementor-size-default\">Blog Relvaplac<\/h2>\t\t<\/div>\n\t\t\t\t<\/div>\n\t\t\t\t\t<\/div>\n\t\t<\/div>\n\t\t\t\t\t<\/div>\n\t\t<\/section>\n\t\t\t\t<section class=\"elementor-section elementor-top-section elementor-element elementor-element-c3b3f30 elementor-section-boxed elementor-section-height-default elementor-section-height-default\" data-id=\"c3b3f30\" data-element_type=\"section\">\n\t\t\t\t\t\t<div class=\"elementor-container elementor-column-gap-default\">\n\t\t\t\t\t<div class=\"elementor-column elementor-col-100 elementor-top-column elementor-element elementor-element-f623d10\" data-id=\"f623d10\" data-element_type=\"column\">\n\t\t\t<div class=\"elementor-widget-wrap elementor-element-populated\">\n\t\t\t\t\t\t<div class=\"elementor-element elementor-element-1a36205 elementor-grid-3 elementor-grid-tablet-2 elementor-grid-mobile-1 elementor-posts--thumbnail-top elementor-card-shadow-yes elementor-posts__hover-gradient elementor-widget elementor-widget-posts\" data-id=\"1a36205\" data-element_type=\"widget\" data-settings=\"{&quot;pagination_type&quot;:&quot;numbers&quot;,&quot;cards_columns&quot;:&quot;3&quot;,&quot;cards_columns_tablet&quot;:&quot;2&quot;,&quot;cards_columns_mobile&quot;:&quot;1&quot;,&quot;cards_row_gap&quot;:{&quot;unit&quot;:&quot;px&quot;,&quot;size&quot;:35,&quot;sizes&quot;:[]},&quot;cards_row_gap_tablet&quot;:{&quot;unit&quot;:&quot;px&quot;,&quot;size&quot;:&quot;&quot;,&quot;sizes&quot;:[]},&quot;cards_row_gap_mobile&quot;:{&quot;unit&quot;:&quot;px&quot;,&quot;size&quot;:&quot;&quot;,&quot;sizes&quot;:[]}}\" data-widget_type=\"posts.cards\">\n\t\t\t\t<div class=\"elementor-widget-container\">\n\t\t\t<link rel=\"stylesheet\" href=\"https:\/\/relvaplac.com.br\/wp-content\/plugins\/elementor-pro\/assets\/css\/widget-posts.min.css\">\t\t<div class=\"elementor-posts-container elementor-posts elementor-posts--skin-cards elementor-grid\">\n\t\t\t\t<article class=\"elementor-post elementor-grid-item post-1862 post type-post status-publish format-standard has-post-thumbnail hentry category-blog\">\n\t\t\t<div class=\"elementor-post__card\">\n\t\t\t\t<a class=\"elementor-post__thumbnail__link\" href=\"https:\/\/relvaplac.com.br\/pt_br\/o-papel-das-florestas-plantadas-na-industria-de-compensados\/\" tabindex=\"-1\" ><div class=\"elementor-post__thumbnail\"><img fetchpriority=\"high\" decoding=\"async\" width=\"300\" height=\"200\" src=\"https:\/\/relvaplac.com.br\/wp-content\/uploads\/2025\/08\/textura-plana-de-madeira-natural-300x200.jpg\" class=\"attachment-medium size-medium wp-image-1863\" alt=\"sustentabilidade das florestas plantadas\" srcset=\"https:\/\/relvaplac.com.br\/wp-content\/uploads\/2025\/08\/textura-plana-de-madeira-natural-300x200.jpg 300w, https:\/\/relvaplac.com.br\/wp-content\/uploads\/2025\/08\/textura-plana-de-madeira-natural-1024x684.jpg 1024w, https:\/\/relvaplac.com.br\/wp-content\/uploads\/2025\/08\/textura-plana-de-madeira-natural-768x513.jpg 768w, https:\/\/relvaplac.com.br\/wp-content\/uploads\/2025\/08\/textura-plana-de-madeira-natural-1536x1025.jpg 1536w, https:\/\/relvaplac.com.br\/wp-content\/uploads\/2025\/08\/textura-plana-de-madeira-natural-2048x1367.jpg 2048w, https:\/\/relvaplac.com.br\/wp-content\/uploads\/2025\/08\/textura-plana-de-madeira-natural-18x12.jpg 18w\" sizes=\"(max-width: 300px) 100vw, 300px\" \/><\/div><\/a>\n\t\t\t\t<div class=\"elementor-post__text\">\n\t\t\t\t<h3 class=\"elementor-post__title\">\n\t\t\t<a href=\"https:\/\/relvaplac.com.br\/pt_br\/o-papel-das-florestas-plantadas-na-industria-de-compensados\/\" >\n\t\t\t\tO papel das florestas plantadas na ind\u00fastria de compensados\t\t\t<\/a>\n\t\t<\/h3>\n\t\t\t\t<div class=\"elementor-post__excerpt\">\n\t\t\t<p>A madeira \u00e9 um recurso natural valioso, presente em in\u00fameros setores da economia, e a ind\u00fastria de compensados \u00e9 um dos grandes exemplos disso. Para<\/p>\n\t\t<\/div>\n\t\t\n\t\t<a class=\"elementor-post__read-more\" href=\"https:\/\/relvaplac.com.br\/pt_br\/o-papel-das-florestas-plantadas-na-industria-de-compensados\/\" aria-label=\"Read more about O papel das florestas plantadas na ind\u00fastria de compensados\" tabindex=\"-1\" >\n\t\t\tLer mais...\t\t<\/a>\n\n\t\t\t\t<\/div>\n\t\t\t\t<div class=\"elementor-post__meta-data\">\n\t\t\t\t\t<span class=\"elementor-post-date\">\n\t\t\t17 de fevereiro de 2026\t\t<\/span>\n\t\t\t\t<\/div>\n\t\t\t\t\t<\/div>\n\t\t<\/article>\n\t\t\t\t<article class=\"elementor-post elementor-grid-item post-1906 post type-post status-publish format-standard has-post-thumbnail hentry category-blog\">\n\t\t\t<div class=\"elementor-post__card\">\n\t\t\t\t<a class=\"elementor-post__thumbnail__link\" href=\"https:\/\/relvaplac.com.br\/pt_br\/tipos-de-compensado-ideal-para-cada-projeto\/\" tabindex=\"-1\" ><div class=\"elementor-post__thumbnail\"><img decoding=\"async\" width=\"300\" height=\"290\" src=\"https:\/\/relvaplac.com.br\/wp-content\/uploads\/2025\/09\/arranjo-de-pecas-de-madeira-em-atelier-scaled-e1758833516746-300x290.jpg\" class=\"attachment-medium size-medium wp-image-1907\" alt=\"compensado escolha ideal\" srcset=\"https:\/\/relvaplac.com.br\/wp-content\/uploads\/2025\/09\/arranjo-de-pecas-de-madeira-em-atelier-scaled-e1758833516746-300x290.jpg 300w, https:\/\/relvaplac.com.br\/wp-content\/uploads\/2025\/09\/arranjo-de-pecas-de-madeira-em-atelier-scaled-e1758833516746-1024x991.jpg 1024w, https:\/\/relvaplac.com.br\/wp-content\/uploads\/2025\/09\/arranjo-de-pecas-de-madeira-em-atelier-scaled-e1758833516746-768x743.jpg 768w, https:\/\/relvaplac.com.br\/wp-content\/uploads\/2025\/09\/arranjo-de-pecas-de-madeira-em-atelier-scaled-e1758833516746-1536x1486.jpg 1536w, https:\/\/relvaplac.com.br\/wp-content\/uploads\/2025\/09\/arranjo-de-pecas-de-madeira-em-atelier-scaled-e1758833516746-12x12.jpg 12w, https:\/\/relvaplac.com.br\/wp-content\/uploads\/2025\/09\/arranjo-de-pecas-de-madeira-em-atelier-scaled-e1758833516746.jpg 1706w\" sizes=\"(max-width: 300px) 100vw, 300px\" \/><\/div><\/a>\n\t\t\t\t<div class=\"elementor-post__text\">\n\t\t\t\t<h3 class=\"elementor-post__title\">\n\t\t\t<a href=\"https:\/\/relvaplac.com.br\/pt_br\/tipos-de-compensado-ideal-para-cada-projeto\/\" >\n\t\t\t\tTipos de compensados: qual escolher para seu projeto?\t\t\t<\/a>\n\t\t<\/h3>\n\t\t\t\t<div class=\"elementor-post__excerpt\">\n\t\t\t<p>Tipos de compensado: como escolher o ideal para seu projeto? O compensado \u00e9 um material extremamente vers\u00e1til, usado em projetos de marcenaria, constru\u00e7\u00e3o civil e<\/p>\n\t\t<\/div>\n\t\t\n\t\t<a class=\"elementor-post__read-more\" href=\"https:\/\/relvaplac.com.br\/pt_br\/tipos-de-compensado-ideal-para-cada-projeto\/\" aria-label=\"Read more about Tipos de compensados: qual escolher para seu projeto?\" tabindex=\"-1\" >\n\t\t\tLer mais...\t\t<\/a>\n\n\t\t\t\t<\/div>\n\t\t\t\t<div class=\"elementor-post__meta-data\">\n\t\t\t\t\t<span class=\"elementor-post-date\">\n\t\t\t10 de fevereiro de 2026\t\t<\/span>\n\t\t\t\t<\/div>\n\t\t\t\t\t<\/div>\n\t\t<\/article>\n\t\t\t\t<article class=\"elementor-post elementor-grid-item post-1920 post type-post status-publish format-standard hentry category-nao-categorizado\">\n\t\t\t<div class=\"elementor-post__card\">\n\t\t\t\t<div class=\"elementor-post__text\">\n\t\t\t\t<h3 class=\"elementor-post__title\">\n\t\t\t<a href=\"https:\/\/relvaplac.com.br\/pt_br\/relvaplac-30-anos-historia-inovacao-compensados\/\" >\n\t\t\t\tO poder do Film Faced FF200: Durabilidade e at\u00e9 50 reutiliza\u00e7\u00f5es na constru\u00e7\u00e3o civil\t\t\t<\/a>\n\t\t<\/h3>\n\t\t\t\t<div class=\"elementor-post__excerpt\">\n\t\t\t<p>&nbsp; O poder do Film Faced FF200: Durabilidade e at\u00e9 50 reutiliza\u00e7\u00f5es na constru\u00e7\u00e3o civil &nbsp; A ind\u00fastria da constru\u00e7\u00e3o civil exige materiais que combinem<\/p>\n\t\t<\/div>\n\t\t\n\t\t<a class=\"elementor-post__read-more\" href=\"https:\/\/relvaplac.com.br\/pt_br\/relvaplac-30-anos-historia-inovacao-compensados\/\" aria-label=\"Read more about O poder do Film Faced FF200: Durabilidade e at\u00e9 50 reutiliza\u00e7\u00f5es na constru\u00e7\u00e3o civil\" tabindex=\"-1\" >\n\t\t\tLer mais...\t\t<\/a>\n\n\t\t\t\t<\/div>\n\t\t\t\t<div class=\"elementor-post__meta-data\">\n\t\t\t\t\t<span class=\"elementor-post-date\">\n\t\t\t3 de fevereiro de 2026\t\t<\/span>\n\t\t\t\t<\/div>\n\t\t\t\t\t<\/div>\n\t\t<\/article>\n\t\t\t\t<article class=\"elementor-post elementor-grid-item post-1551 post type-post status-publish format-standard has-post-thumbnail hentry category-blog\">\n\t\t\t<div class=\"elementor-post__card\">\n\t\t\t\t<a class=\"elementor-post__thumbnail__link\" href=\"https:\/\/relvaplac.com.br\/pt_br\/compensados-plastificados-resistencia-e-versatilidade-para-projetos\/\" tabindex=\"-1\" ><div class=\"elementor-post__thumbnail\"><img decoding=\"async\" width=\"300\" height=\"156\" src=\"https:\/\/relvaplac.com.br\/wp-content\/uploads\/2024\/05\/Compensado-plastificado_conhea-as-caractersticas-e-utilidades-desse-material-300x156.png\" class=\"attachment-medium size-medium wp-image-1552\" alt=\"compensados plastificados\" srcset=\"https:\/\/relvaplac.com.br\/wp-content\/uploads\/2024\/05\/Compensado-plastificado_conhea-as-caractersticas-e-utilidades-desse-material-300x156.png 300w, https:\/\/relvaplac.com.br\/wp-content\/uploads\/2024\/05\/Compensado-plastificado_conhea-as-caractersticas-e-utilidades-desse-material-768x399.png 768w, https:\/\/relvaplac.com.br\/wp-content\/uploads\/2024\/05\/Compensado-plastificado_conhea-as-caractersticas-e-utilidades-desse-material-18x9.png 18w, https:\/\/relvaplac.com.br\/wp-content\/uploads\/2024\/05\/Compensado-plastificado_conhea-as-caractersticas-e-utilidades-desse-material.png 770w\" sizes=\"(max-width: 300px) 100vw, 300px\" \/><\/div><\/a>\n\t\t\t\t<div class=\"elementor-post__text\">\n\t\t\t\t<h3 class=\"elementor-post__title\">\n\t\t\t<a href=\"https:\/\/relvaplac.com.br\/pt_br\/compensados-plastificados-resistencia-e-versatilidade-para-projetos\/\" >\n\t\t\t\tCompensados Plastificados: Resist\u00eancia e versatilidade para projetos\t\t\t<\/a>\n\t\t<\/h3>\n\t\t\t\t<div class=\"elementor-post__excerpt\">\n\t\t\t<p>Os compensados plastificados t\u00eam oferecido benef\u00edcios para toda a cada construtiva. No universo da constru\u00e7\u00e3o e decora\u00e7\u00e3o, a escolha de materiais adequados pode fazer toda<\/p>\n\t\t<\/div>\n\t\t\n\t\t<a class=\"elementor-post__read-more\" href=\"https:\/\/relvaplac.com.br\/pt_br\/compensados-plastificados-resistencia-e-versatilidade-para-projetos\/\" aria-label=\"Read more about Compensados Plastificados: Resist\u00eancia e versatilidade para projetos\" tabindex=\"-1\" >\n\t\t\tLer mais...\t\t<\/a>\n\n\t\t\t\t<\/div>\n\t\t\t\t<div class=\"elementor-post__meta-data\">\n\t\t\t\t\t<span class=\"elementor-post-date\">\n\t\t\t28 de janeiro de 2026\t\t<\/span>\n\t\t\t\t<\/div>\n\t\t\t\t\t<\/div>\n\t\t<\/article>\n\t\t\t\t<article class=\"elementor-post elementor-grid-item post-1742 post type-post status-publish format-standard has-post-thumbnail hentry category-blog\">\n\t\t\t<div class=\"elementor-post__card\">\n\t\t\t\t<a class=\"elementor-post__thumbnail__link\" href=\"https:\/\/relvaplac.com.br\/pt_br\/o-uso-do-compensado-em-estruturas-automotivas\/\" tabindex=\"-1\" ><div class=\"elementor-post__thumbnail\"><img loading=\"lazy\" decoding=\"async\" width=\"300\" height=\"101\" src=\"https:\/\/relvaplac.com.br\/wp-content\/uploads\/2025\/02\/AdobeStock_794905104-300x101.jpeg\" class=\"attachment-medium size-medium wp-image-1743\" alt=\"\" srcset=\"https:\/\/relvaplac.com.br\/wp-content\/uploads\/2025\/02\/AdobeStock_794905104-300x101.jpeg 300w, https:\/\/relvaplac.com.br\/wp-content\/uploads\/2025\/02\/AdobeStock_794905104-768x259.jpeg 768w, https:\/\/relvaplac.com.br\/wp-content\/uploads\/2025\/02\/AdobeStock_794905104-18x6.jpeg 18w, https:\/\/relvaplac.com.br\/wp-content\/uploads\/2025\/02\/AdobeStock_794905104.jpeg 900w\" sizes=\"(max-width: 300px) 100vw, 300px\" \/><\/div><\/a>\n\t\t\t\t<div class=\"elementor-post__text\">\n\t\t\t\t<h3 class=\"elementor-post__title\">\n\t\t\t<a href=\"https:\/\/relvaplac.com.br\/pt_br\/o-uso-do-compensado-em-estruturas-automotivas\/\" >\n\t\t\t\tO uso do compensado em estruturas automotivas\t\t\t<\/a>\n\t\t<\/h3>\n\t\t\t\t<div class=\"elementor-post__excerpt\">\n\t\t\t<p>O uso de materiais na ind\u00fastria automotiva sempre esteve atrelado \u00e0 busca por efici\u00eancia, durabilidade e sustentabilidade. Embora metais como a\u00e7o e alum\u00ednio predominem na<\/p>\n\t\t<\/div>\n\t\t\n\t\t<a class=\"elementor-post__read-more\" href=\"https:\/\/relvaplac.com.br\/pt_br\/o-uso-do-compensado-em-estruturas-automotivas\/\" aria-label=\"Read more about O uso do compensado em estruturas automotivas\" tabindex=\"-1\" >\n\t\t\tLer mais...\t\t<\/a>\n\n\t\t\t\t<\/div>\n\t\t\t\t<div class=\"elementor-post__meta-data\">\n\t\t\t\t\t<span class=\"elementor-post-date\">\n\t\t\t21 de janeiro de 2026\t\t<\/span>\n\t\t\t\t<\/div>\n\t\t\t\t\t<\/div>\n\t\t<\/article>\n\t\t\t\t<article class=\"elementor-post elementor-grid-item post-1658 post type-post status-publish format-standard has-post-thumbnail hentry category-blog\">\n\t\t\t<div class=\"elementor-post__card\">\n\t\t\t\t<a class=\"elementor-post__thumbnail__link\" href=\"https:\/\/relvaplac.com.br\/pt_br\/integracao-de-ferramentas-de-ia-na-industria-madeireira\/\" tabindex=\"-1\" ><div class=\"elementor-post__thumbnail\"><img loading=\"lazy\" decoding=\"async\" width=\"300\" height=\"200\" src=\"https:\/\/relvaplac.com.br\/wp-content\/uploads\/2025\/01\/2150038862-300x200.jpg\" class=\"attachment-medium size-medium wp-image-1659\" alt=\"ia\" srcset=\"https:\/\/relvaplac.com.br\/wp-content\/uploads\/2025\/01\/2150038862-300x200.jpg 300w, https:\/\/relvaplac.com.br\/wp-content\/uploads\/2025\/01\/2150038862-768x512.jpg 768w, https:\/\/relvaplac.com.br\/wp-content\/uploads\/2025\/01\/2150038862-18x12.jpg 18w, https:\/\/relvaplac.com.br\/wp-content\/uploads\/2025\/01\/2150038862.jpg 1000w\" sizes=\"(max-width: 300px) 100vw, 300px\" \/><\/div><\/a>\n\t\t\t\t<div class=\"elementor-post__text\">\n\t\t\t\t<h3 class=\"elementor-post__title\">\n\t\t\t<a href=\"https:\/\/relvaplac.com.br\/pt_br\/integracao-de-ferramentas-de-ia-na-industria-madeireira\/\" >\n\t\t\t\tIntegra\u00e7\u00e3o de ferramentas de IA na ind\u00fastria madeireira\t\t\t<\/a>\n\t\t<\/h3>\n\t\t\t\t<div class=\"elementor-post__excerpt\">\n\t\t\t<p>A integra\u00e7\u00e3o de IA j\u00e1 \u00e9 uma realidade na ind\u00fastria madeireira, especialmente na produ\u00e7\u00e3o de compensados. A ind\u00fastria de compensados de madeira, fundamental para a<\/p>\n\t\t<\/div>\n\t\t\n\t\t<a class=\"elementor-post__read-more\" href=\"https:\/\/relvaplac.com.br\/pt_br\/integracao-de-ferramentas-de-ia-na-industria-madeireira\/\" aria-label=\"Read more about Integra\u00e7\u00e3o de ferramentas de IA na ind\u00fastria madeireira\" tabindex=\"-1\" >\n\t\t\tLer mais...\t\t<\/a>\n\n\t\t\t\t<\/div>\n\t\t\t\t<div class=\"elementor-post__meta-data\">\n\t\t\t\t\t<span class=\"elementor-post-date\">\n\t\t\t14 de janeiro de 2026\t\t<\/span>\n\t\t\t\t<\/div>\n\t\t\t\t\t<\/div>\n\t\t<\/article>\n\t\t\t\t<\/div>\n\t\t\n\t\t\t\t<div class=\"e-load-more-anchor\" data-page=\"1\" data-max-page=\"16\" data-next-page=\"https:\/\/relvaplac.com.br\/pt_br\/wp-json\/wp\/v2\/pages\/650\/page\/2\/\"><\/div>\n\t\t\t\t<nav class=\"elementor-pagination\" aria-label=\"Pagination\">\n\t\t\t<span aria-current=\"page\" class=\"page-numbers current\"><span class=\"elementor-screen-only\">Page<\/span>1<\/span>\n<a class=\"page-numbers\" href=\"https:\/\/relvaplac.com.br\/pt_br\/wp-json\/wp\/v2\/pages\/650\/page\/2\/\"><span class=\"elementor-screen-only\">Page<\/span>2<\/a>\n<a class=\"page-numbers\" href=\"https:\/\/relvaplac.com.br\/pt_br\/wp-json\/wp\/v2\/pages\/650\/page\/3\/\"><span class=\"elementor-screen-only\">Page<\/span>3<\/a>\n<a class=\"page-numbers\" href=\"https:\/\/relvaplac.com.br\/pt_br\/wp-json\/wp\/v2\/pages\/650\/page\/4\/\"><span class=\"elementor-screen-only\">Page<\/span>4<\/a>\n<a class=\"page-numbers\" href=\"https:\/\/relvaplac.com.br\/pt_br\/wp-json\/wp\/v2\/pages\/650\/page\/5\/\"><span class=\"elementor-screen-only\">Page<\/span>5<\/a>\t\t<\/nav>\n\t\t\t\t<\/div>\n\t\t\t\t<\/div>\n\t\t\t\t\t<\/div>\n\t\t<\/div>\n\t\t\t\t\t<\/div>\n\t\t<\/section>\n\t\t\t\t<\/div>\n\t\t","protected":false},"excerpt":{"rendered":"<p>Blog Relvaplac<\/p>\n","protected":false},"author":1,"featured_media":0,"parent":0,"menu_order":0,"comment_status":"closed","ping_status":"closed","template":"elementor_header_footer","meta":{"footnotes":""},"yoast_head":"<!-- This site is optimized with the Yoast SEO plugin v22.5 - https:\/\/yoast.com\/wordpress\/plugins\/seo\/ -->\n<title>Blog - Relvaplac Compensados<\/title>\n<meta name=\"robots\" content=\"index, follow, max-snippet:-1, max-image-preview:large, max-video-preview:-1\" \/>\n<link rel=\"canonical\" href=\"https:\/\/relvaplac.com.br\/pt_br\/blog\/\" \/>\n<meta property=\"og:locale\" content=\"pt_BR\" \/>\n<meta property=\"og:type\" content=\"article\" \/>\n<meta property=\"og:title\" content=\"Blog - Relvaplac Compensados\" \/>\n<meta property=\"og:description\" content=\"Blog Relvaplac\" \/>\n<meta property=\"og:url\" content=\"https:\/\/relvaplac.com.br\/pt_br\/blog\/\" \/>\n<meta property=\"og:site_name\" content=\"Relvaplac Compensados\" \/>\n<meta property=\"article:modified_time\" content=\"2021-08-30T20:53:37+00:00\" \/>\n<meta name=\"twitter:card\" content=\"summary_large_image\" \/>\n<meta name=\"twitter:label1\" content=\"Est. tempo de leitura\" \/>\n\t<meta name=\"twitter:data1\" content=\"1 minuto\" \/>\n<script type=\"application\/ld+json\" class=\"yoast-schema-graph\">{\"@context\":\"https:\/\/schema.org\",\"@graph\":[{\"@type\":\"WebPage\",\"@id\":\"https:\/\/relvaplac.com.br\/pt_br\/blog\/\",\"url\":\"https:\/\/relvaplac.com.br\/pt_br\/blog\/\",\"name\":\"Blog - Relvaplac Compensados\",\"isPartOf\":{\"@id\":\"https:\/\/relvaplac.com.br\/#website\"},\"datePublished\":\"2021-07-28T18:36:30+00:00\",\"dateModified\":\"2021-08-30T20:53:37+00:00\",\"breadcrumb\":{\"@id\":\"https:\/\/relvaplac.com.br\/pt_br\/blog\/#breadcrumb\"},\"inLanguage\":\"pt-BR\",\"potentialAction\":[{\"@type\":\"ReadAction\",\"target\":[\"https:\/\/relvaplac.com.br\/pt_br\/blog\/\"]}]},{\"@type\":\"BreadcrumbList\",\"@id\":\"https:\/\/relvaplac.com.br\/pt_br\/blog\/#breadcrumb\",\"itemListElement\":[{\"@type\":\"ListItem\",\"position\":1,\"name\":\"In\u00edcio\",\"item\":\"https:\/\/relvaplac.com.br\/pt_br\/\"},{\"@type\":\"ListItem\",\"position\":2,\"name\":\"Blog\"}]},{\"@type\":\"WebSite\",\"@id\":\"https:\/\/relvaplac.com.br\/#website\",\"url\":\"https:\/\/relvaplac.com.br\/\",\"name\":\"Relvaplac Compensados\",\"description\":\"Exportamos para todos os continentes\",\"potentialAction\":[{\"@type\":\"SearchAction\",\"target\":{\"@type\":\"EntryPoint\",\"urlTemplate\":\"https:\/\/relvaplac.com.br\/?s={search_term_string}\"},\"query-input\":\"required name=search_term_string\"}],\"inLanguage\":\"pt-BR\"}]}<\/script>\n<!-- \/ Yoast SEO plugin. -->","yoast_head_json":{"title":"Blog - Relvaplac Compensados","robots":{"index":"index","follow":"follow","max-snippet":"max-snippet:-1","max-image-preview":"max-image-preview:large","max-video-preview":"max-video-preview:-1"},"canonical":"https:\/\/relvaplac.com.br\/pt_br\/blog\/","og_locale":"pt_BR","og_type":"article","og_title":"Blog - Relvaplac Compensados","og_description":"Blog Relvaplac","og_url":"https:\/\/relvaplac.com.br\/pt_br\/blog\/","og_site_name":"Relvaplac Compensados","article_modified_time":"2021-08-30T20:53:37+00:00","twitter_card":"summary_large_image","twitter_misc":{"Est. tempo de leitura":"1 minuto"},"schema":{"@context":"https:\/\/schema.org","@graph":[{"@type":"WebPage","@id":"https:\/\/relvaplac.com.br\/pt_br\/blog\/","url":"https:\/\/relvaplac.com.br\/pt_br\/blog\/","name":"Blog - Relvaplac Compensados","isPartOf":{"@id":"https:\/\/relvaplac.com.br\/#website"},"datePublished":"2021-07-28T18:36:30+00:00","dateModified":"2021-08-30T20:53:37+00:00","breadcrumb":{"@id":"https:\/\/relvaplac.com.br\/pt_br\/blog\/#breadcrumb"},"inLanguage":"pt-BR","potentialAction":[{"@type":"ReadAction","target":["https:\/\/relvaplac.com.br\/pt_br\/blog\/"]}]},{"@type":"BreadcrumbList","@id":"https:\/\/relvaplac.com.br\/pt_br\/blog\/#breadcrumb","itemListElement":[{"@type":"ListItem","position":1,"name":"In\u00edcio","item":"https:\/\/relvaplac.com.br\/pt_br\/"},{"@type":"ListItem","position":2,"name":"Blog"}]},{"@type":"WebSite","@id":"https:\/\/relvaplac.com.br\/#website","url":"https:\/\/relvaplac.com.br\/","name":"Relvaplac Compensados","description":"Exportamos para todos os continentes","potentialAction":[{"@type":"SearchAction","target":{"@type":"EntryPoint","urlTemplate":"https:\/\/relvaplac.com.br\/?s={search_term_string}"},"query-input":"required name=search_term_string"}],"inLanguage":"pt-BR"}]}},"_links":{"self":[{"href":"https:\/\/relvaplac.com.br\/pt_br\/wp-json\/wp\/v2\/pages\/650"}],"collection":[{"href":"https:\/\/relvaplac.com.br\/pt_br\/wp-json\/wp\/v2\/pages"}],"about":[{"href":"https:\/\/relvaplac.com.br\/pt_br\/wp-json\/wp\/v2\/types\/page"}],"author":[{"embeddable":true,"href":"https:\/\/relvaplac.com.br\/pt_br\/wp-json\/wp\/v2\/users\/1"}],"replies":[{"embeddable":true,"href":"https:\/\/relvaplac.com.br\/pt_br\/wp-json\/wp\/v2\/comments?post=650"}],"version-history":[{"count":11,"href":"https:\/\/relvaplac.com.br\/pt_br\/wp-json\/wp\/v2\/pages\/650\/revisions"}],"predecessor-version":[{"id":712,"href":"https:\/\/relvaplac.com.br\/pt_br\/wp-json\/wp\/v2\/pages\/650\/revisions\/712"}],"wp:attachment":[{"href":"https:\/\/relvaplac.com.br\/pt_br\/wp-json\/wp\/v2\/media?parent=650"}],"curies":[{"name":"wp","href":"https:\/\/api.w.org\/{rel}","templated":true}]}}